{"id":491,"date":"2021-03-18T14:48:50","date_gmt":"2021-03-18T14:48:50","guid":{"rendered":"https:\/\/ca4bc.com\/?page_id=491"},"modified":"2026-03-16T16:22:16","modified_gmt":"2026-03-16T16:22:16","slug":"politica-de-cookies","status":"publish","type":"page","link":"https:\/\/ca4bc.com\/es\/politica-de-cookies\/","title":{"rendered":"Pol\u00edtica de cookies"},"content":{"rendered":"\r\n<p><strong>\u00bfQu\u00e9 son las cookies?<\/strong><\/p>\r\n<p>Como es pr\u00e1ctica habitual en casi todas las p\u00e1ginas web profesionales, esta tambi\u00e9n utiliza cookies, que son peque\u00f1os archivos que se descargan en tu ordenador para mejorar tu experiencia de navegaci\u00f3n. Esta p\u00e1gina describe qu\u00e9 informaci\u00f3n recogen, c\u00f3mo la utilizamos y por qu\u00e9, a veces, necesitamos almacenar estas cookies. Tambi\u00e9n te indicaremos c\u00f3mo evitar que se almacenen estas cookies, aunque esto pueda reducir el rendimiento de la p\u00e1gina web o limitar el acceso a algunas de sus funcionalidades.<\/p>\r\n<p>&nbsp;<\/p>\r\n<p><strong>C\u00f3mo utilizamos las cookies<\/strong><\/p>\r\n<p>Utilizamos cookies por los motivos que se describen a continuaci\u00f3n. Lamentablemente, en la mayor\u00eda de los casos, no existen procedimientos est\u00e1ndar para deshabilitar las cookies sin desactivar por completo la funcionalidad y las caracter\u00edsticas que a\u00f1aden a esta p\u00e1gina web. Te recomendamos dejar habilitadas todas las cookies si no est\u00e1s seguro de que sean necesarias, en caso de que se utilicen para prestar un servicio que utilizas.<\/p>\r\n<p>&nbsp;<\/p>\r\n<p><strong>Deshabilitar las cookies<\/strong><\/p>\r\n<p>Puedes impedir el uso de cookies modificando la configuraci\u00f3n de tu navegador (para m\u00e1s informaci\u00f3n sobre c\u00f3mo hacerlo, consulta la Ayuda de tu navegador). Ten en cuenta que deshabilitar las cookies afectar\u00e1 a la funcionalidad de esta y muchas otras p\u00e1ginas web que visites. Deshabilitar las cookies tambi\u00e9n suele desactivar algunas de las funcionalidades y caracter\u00edsticas de esta p\u00e1gina web. \u00a0Por lo tanto, te recomendamos que no desactives las cookies.<\/p>\r\n<p>&nbsp;<\/p>\r\n<p><strong>Cookies utilizadas en nuestra p\u00e1gina web<\/strong><\/p>\r\n<ul>\r\n<li><strong>Cookies relacionadas con formularios:<\/strong>\u00a0cuando env\u00edas datos a trav\u00e9s de un formulario como el que se encuentra en la p\u00e1gina Contacto, se pueden utilizar cookies para recordar tus detalles de usuario en el futuro.<\/li>\r\n<li><strong>Cookies de preferencias de la p\u00e1gina web:<\/strong>\u00a0con el fin de ofrecerte una mejor experiencia de navegaci\u00f3n en esta p\u00e1gina web, te permitimos establecer tus preferencias en cuanto a su funcionamiento. Para recordar tus preferencias, necesitamos usar cookies para que esta informaci\u00f3n pueda ser recuperada cada vez que interact\u00faes con una p\u00e1gina influenciada por tus preferencias.<\/li>\r\n<\/ul>\r\n<p>&nbsp;<\/p>\r\n<p>Con la esperanza de que esta pol\u00edtica haya sido esclarecedora y, como se mencion\u00f3 anteriormente, si no est\u00e1s seguro de que sean necesarias, te recomendamos que dejes las cookies activadas por si interact\u00faan con alguna de las funcionalidades que utilizas en nuestra p\u00e1gina web.<\/p>\r\n<p>Esta pol\u00edtica es efectiva desde\u00a0<strong>Marzo de 2026<\/strong>.<\/p>\r\n","protected":false},"excerpt":{"rendered":"<p>\u00bfQu\u00e9 son las cookies? Como es pr\u00e1ctica habitual en casi todas las p\u00e1ginas web profesionales, esta tambi\u00e9n utiliza cookies, que son peque\u00f1os archivos que se descargan<span class=\"excerpt-hellip\"> [\u2026]<\/span><\/p>\n","protected":false},"author":2,"featured_media":0,"parent":0,"menu_order":0,"comment_status":"open","ping_status":"open","template":"","meta":{"footnotes":""},"class_list":["post-491","page","type-page","status-publish","hentry"],"yoast_head":"<!-- This site is optimized with the Yoast SEO plugin v27.2 - https:\/\/yoast.com\/product\/yoast-seo-wordpress\/ -->\n<title>Pol\u00edtica de cookies - CA4BC<\/title>\n<meta name=\"robots\" content=\"index, follow, max-snippet:-1, max-image-preview:large, max-video-preview:-1\" \/>\n<link rel=\"canonical\" href=\"https:\/\/ca4bc.com\/es\/politica-de-cookies\/\" \/>\n<meta property=\"og:locale\" content=\"es_ES\" \/>\n<meta property=\"og:type\" content=\"article\" \/>\n<meta property=\"og:title\" content=\"Pol\u00edtica de cookies - CA4BC\" \/>\n<meta property=\"og:description\" content=\"\u00bfQu\u00e9 son las cookies? Como es pr\u00e1ctica habitual en casi todas las p\u00e1ginas web profesionales, esta tambi\u00e9n utiliza cookies, que son peque\u00f1os archivos que se descargan [\u2026]\" \/>\n<meta property=\"og:url\" content=\"https:\/\/ca4bc.com\/es\/politica-de-cookies\/\" \/>\n<meta property=\"og:site_name\" content=\"CA4BC\" \/>\n<meta property=\"article:modified_time\" content=\"2026-03-16T16:22:16+00:00\" \/>\n<meta name=\"twitter:card\" content=\"summary_large_image\" \/>\n<meta name=\"twitter:label1\" content=\"Tiempo de lectura\" \/>\n\t<meta name=\"twitter:data1\" content=\"2 minutos\" \/>\n<script type=\"application\/ld+json\" class=\"yoast-schema-graph\">{\"@context\":\"https:\/\/schema.org\",\"@graph\":[{\"@type\":\"WebPage\",\"@id\":\"https:\/\/ca4bc.com\/es\/politica-de-cookies\/\",\"url\":\"https:\/\/ca4bc.com\/es\/politica-de-cookies\/\",\"name\":\"Pol\u00edtica de cookies - CA4BC\",\"isPartOf\":{\"@id\":\"https:\/\/ca4bc.com\/pt-pt\/#website\"},\"datePublished\":\"2021-03-18T14:48:50+00:00\",\"dateModified\":\"2026-03-16T16:22:16+00:00\",\"breadcrumb\":{\"@id\":\"https:\/\/ca4bc.com\/es\/politica-de-cookies\/#breadcrumb\"},\"inLanguage\":\"es\",\"potentialAction\":[{\"@type\":\"ReadAction\",\"target\":[\"https:\/\/ca4bc.com\/es\/politica-de-cookies\/\"]}]},{\"@type\":\"BreadcrumbList\",\"@id\":\"https:\/\/ca4bc.com\/es\/politica-de-cookies\/#breadcrumb\",\"itemListElement\":[{\"@type\":\"ListItem\",\"position\":1,\"name\":\"Home\",\"item\":\"https:\/\/ca4bc.com\/es\/home\/\"},{\"@type\":\"ListItem\",\"position\":2,\"name\":\"Pol\u00edtica de cookies\"}]},{\"@type\":\"WebSite\",\"@id\":\"https:\/\/ca4bc.com\/pt-pt\/#website\",\"url\":\"https:\/\/ca4bc.com\/pt-pt\/\",\"name\":\"CA4BC\",\"description\":\"CONSULTING ASSOCIATES FOR BUSINESS CONTINUITY\",\"publisher\":{\"@id\":\"https:\/\/ca4bc.com\/pt-pt\/#organization\"},\"potentialAction\":[{\"@type\":\"SearchAction\",\"target\":{\"@type\":\"EntryPoint\",\"urlTemplate\":\"https:\/\/ca4bc.com\/pt-pt\/?s={search_term_string}\"},\"query-input\":{\"@type\":\"PropertyValueSpecification\",\"valueRequired\":true,\"valueName\":\"search_term_string\"}}],\"inLanguage\":\"es\"},{\"@type\":\"Organization\",\"@id\":\"https:\/\/ca4bc.com\/pt-pt\/#organization\",\"name\":\"CA4BC\",\"url\":\"https:\/\/ca4bc.com\/pt-pt\/\",\"logo\":{\"@type\":\"ImageObject\",\"inLanguage\":\"es\",\"@id\":\"https:\/\/ca4bc.com\/pt-pt\/#\/schema\/logo\/image\/\",\"url\":\"https:\/\/ca4bc.com\/wp-content\/uploads\/2026\/03\/logo-c4bc-1.png\",\"contentUrl\":\"https:\/\/ca4bc.com\/wp-content\/uploads\/2026\/03\/logo-c4bc-1.png\",\"width\":1920,\"height\":1652,\"caption\":\"CA4BC\"},\"image\":{\"@id\":\"https:\/\/ca4bc.com\/pt-pt\/#\/schema\/logo\/image\/\"},\"sameAs\":[\"https:\/\/www.linkedin.com\/company\/ca4bc\/\"]}]}<\/script>\n<!-- \/ Yoast SEO plugin. -->","yoast_head_json":{"title":"Pol\u00edtica de cookies - CA4BC","robots":{"index":"index","follow":"follow","max-snippet":"max-snippet:-1","max-image-preview":"max-image-preview:large","max-video-preview":"max-video-preview:-1"},"canonical":"https:\/\/ca4bc.com\/es\/politica-de-cookies\/","og_locale":"es_ES","og_type":"article","og_title":"Pol\u00edtica de cookies - CA4BC","og_description":"\u00bfQu\u00e9 son las cookies? Como es pr\u00e1ctica habitual en casi todas las p\u00e1ginas web profesionales, esta tambi\u00e9n utiliza cookies, que son peque\u00f1os archivos que se descargan [\u2026]","og_url":"https:\/\/ca4bc.com\/es\/politica-de-cookies\/","og_site_name":"CA4BC","article_modified_time":"2026-03-16T16:22:16+00:00","twitter_card":"summary_large_image","twitter_misc":{"Tiempo de lectura":"2 minutos"},"schema":{"@context":"https:\/\/schema.org","@graph":[{"@type":"WebPage","@id":"https:\/\/ca4bc.com\/es\/politica-de-cookies\/","url":"https:\/\/ca4bc.com\/es\/politica-de-cookies\/","name":"Pol\u00edtica de cookies - CA4BC","isPartOf":{"@id":"https:\/\/ca4bc.com\/pt-pt\/#website"},"datePublished":"2021-03-18T14:48:50+00:00","dateModified":"2026-03-16T16:22:16+00:00","breadcrumb":{"@id":"https:\/\/ca4bc.com\/es\/politica-de-cookies\/#breadcrumb"},"inLanguage":"es","potentialAction":[{"@type":"ReadAction","target":["https:\/\/ca4bc.com\/es\/politica-de-cookies\/"]}]},{"@type":"BreadcrumbList","@id":"https:\/\/ca4bc.com\/es\/politica-de-cookies\/#breadcrumb","itemListElement":[{"@type":"ListItem","position":1,"name":"Home","item":"https:\/\/ca4bc.com\/es\/home\/"},{"@type":"ListItem","position":2,"name":"Pol\u00edtica de cookies"}]},{"@type":"WebSite","@id":"https:\/\/ca4bc.com\/pt-pt\/#website","url":"https:\/\/ca4bc.com\/pt-pt\/","name":"CA4BC","description":"CONSULTING ASSOCIATES FOR BUSINESS CONTINUITY","publisher":{"@id":"https:\/\/ca4bc.com\/pt-pt\/#organization"},"potentialAction":[{"@type":"SearchAction","target":{"@type":"EntryPoint","urlTemplate":"https:\/\/ca4bc.com\/pt-pt\/?s={search_term_string}"},"query-input":{"@type":"PropertyValueSpecification","valueRequired":true,"valueName":"search_term_string"}}],"inLanguage":"es"},{"@type":"Organization","@id":"https:\/\/ca4bc.com\/pt-pt\/#organization","name":"CA4BC","url":"https:\/\/ca4bc.com\/pt-pt\/","logo":{"@type":"ImageObject","inLanguage":"es","@id":"https:\/\/ca4bc.com\/pt-pt\/#\/schema\/logo\/image\/","url":"https:\/\/ca4bc.com\/wp-content\/uploads\/2026\/03\/logo-c4bc-1.png","contentUrl":"https:\/\/ca4bc.com\/wp-content\/uploads\/2026\/03\/logo-c4bc-1.png","width":1920,"height":1652,"caption":"CA4BC"},"image":{"@id":"https:\/\/ca4bc.com\/pt-pt\/#\/schema\/logo\/image\/"},"sameAs":["https:\/\/www.linkedin.com\/company\/ca4bc\/"]}]}},"_links":{"self":[{"href":"https:\/\/ca4bc.com\/es\/wp-json\/wp\/v2\/pages\/491","targetHints":{"allow":["GET"]}}],"collection":[{"href":"https:\/\/ca4bc.com\/es\/wp-json\/wp\/v2\/pages"}],"about":[{"href":"https:\/\/ca4bc.com\/es\/wp-json\/wp\/v2\/types\/page"}],"author":[{"embeddable":true,"href":"https:\/\/ca4bc.com\/es\/wp-json\/wp\/v2\/users\/2"}],"replies":[{"embeddable":true,"href":"https:\/\/ca4bc.com\/es\/wp-json\/wp\/v2\/comments?post=491"}],"version-history":[{"count":2,"href":"https:\/\/ca4bc.com\/es\/wp-json\/wp\/v2\/pages\/491\/revisions"}],"predecessor-version":[{"id":493,"href":"https:\/\/ca4bc.com\/es\/wp-json\/wp\/v2\/pages\/491\/revisions\/493"}],"wp:attachment":[{"href":"https:\/\/ca4bc.com\/es\/wp-json\/wp\/v2\/media?parent=491"}],"curies":[{"name":"wp","href":"https:\/\/api.w.org\/{rel}","templated":true}]}}