{"id":482,"date":"2026-01-21T17:26:32","date_gmt":"2026-01-21T17:26:32","guid":{"rendered":"https:\/\/ca4bc.com\/?page_id=482"},"modified":"2026-03-16T16:16:14","modified_gmt":"2026-03-16T16:16:14","slug":"politica-de-privacidad","status":"publish","type":"page","link":"https:\/\/ca4bc.com\/es\/politica-de-privacidad\/","title":{"rendered":"Pol\u00edtica de privacidad"},"content":{"rendered":"\r\n<p>Tu privacidad es importante para nosotros. La pol\u00edtica de ca4bc es respetar tu privacidad en relaci\u00f3n con cualquier informaci\u00f3n que podamos recopilar a trav\u00e9s de nuestra p\u00e1gina web, www.ca4bc.com, y otras p\u00e1ginas que poseemos y gestionamos.<\/p>\r\n<p>S\u00f3lo solicitamos informaci\u00f3n personal cuando realmente la necesitamos para prestarte un servicio. La recopilamos por medios justos y legales, con tu conocimiento y consentimiento. Adem\u00e1s, te informamos de por qu\u00e9 la recopilamos y c\u00f3mo se utilizar\u00e1.<\/p>\r\n<p>Conservamos la informaci\u00f3n recopilada s\u00f3lo el tiempo necesario para prestarte el servicio solicitado. Cuando almacenamos datos, los protegemos por medios comercialmente v\u00e1lidos para evitar su p\u00e9rdida y hurto, as\u00ed como el acceso, la divulgaci\u00f3n, la copia, el uso o la modificaci\u00f3n no autorizados.<\/p>\r\n<p>No compartimos ninguna informaci\u00f3n de identificaci\u00f3n personal p\u00fablicamente o con terceros, a menos que lo exija expresamente la ley.<\/p>\r\n<p>Nuestra p\u00e1gina web puede contener enlaces a p\u00e1ginas web externas no gestionadas por nosotros. Ten en cuenta que no tenemos ning\u00fan control sobre el contenido y las pr\u00e1cticas de dichas p\u00e1ginas y, por lo tanto, declinamos toda responsabilidad por sus pol\u00edticas de privacidad.<\/p>\r\n<p>\u200bEs libre de rechazar nuestra solicitud de informaci\u00f3n personal, entendiendo que, por ello, es posible que no podamos prestarte algunos de los servicios que deseas.<\/p>\r\n<p>Al seguir navegando por nuestra p\u00e1gina web, aceptas nuestros procedimientos en materia de privacidad e informaci\u00f3n personal. Si tienes alguna pregunta sobre c\u00f3mo tratamos los datos de los usuarios y la informaci\u00f3n personal, no dudes en ponerte en contacto con nosotros.<\/p>\r\n<p>Esta pol\u00edtica es efectiva desde\u00a0<strong>Marzo de 2026<\/strong>.<\/p>\r\n\r\n<p>&nbsp;<\/p>","protected":false},"excerpt":{"rendered":"<p>Tu privacidad es importante para nosotros. La pol\u00edtica de ca4bc es respetar tu privacidad en relaci\u00f3n con cualquier informaci\u00f3n que podamos recopilar a trav\u00e9s de nuestra<span class=\"excerpt-hellip\"> [\u2026]<\/span><\/p>\n","protected":false},"author":2,"featured_media":0,"parent":0,"menu_order":0,"comment_status":"closed","ping_status":"open","template":"","meta":{"footnotes":""},"class_list":["post-482","page","type-page","status-publish","hentry"],"yoast_head":"<!-- This site is optimized with the Yoast SEO plugin v27.2 - https:\/\/yoast.com\/product\/yoast-seo-wordpress\/ -->\n<title>Pol\u00edtica de privacidad - CA4BC<\/title>\n<meta name=\"robots\" content=\"index, follow, max-snippet:-1, max-image-preview:large, max-video-preview:-1\" \/>\n<link rel=\"canonical\" href=\"https:\/\/ca4bc.com\/es\/politica-de-privacidad\/\" \/>\n<meta property=\"og:locale\" content=\"es_ES\" \/>\n<meta property=\"og:type\" content=\"article\" \/>\n<meta property=\"og:title\" content=\"Pol\u00edtica de privacidad - CA4BC\" \/>\n<meta property=\"og:description\" content=\"Tu privacidad es importante para nosotros. La pol\u00edtica de ca4bc es respetar tu privacidad en relaci\u00f3n con cualquier informaci\u00f3n que podamos recopilar a trav\u00e9s de nuestra [\u2026]\" \/>\n<meta property=\"og:url\" content=\"https:\/\/ca4bc.com\/es\/politica-de-privacidad\/\" \/>\n<meta property=\"og:site_name\" content=\"CA4BC\" \/>\n<meta property=\"article:modified_time\" content=\"2026-03-16T16:16:14+00:00\" \/>\n<meta name=\"twitter:card\" content=\"summary_large_image\" \/>\n<meta name=\"twitter:label1\" content=\"Tiempo de lectura\" \/>\n\t<meta name=\"twitter:data1\" content=\"1 minuto\" \/>\n<script type=\"application\/ld+json\" class=\"yoast-schema-graph\">{\"@context\":\"https:\/\/schema.org\",\"@graph\":[{\"@type\":\"WebPage\",\"@id\":\"https:\/\/ca4bc.com\/es\/politica-de-privacidad\/\",\"url\":\"https:\/\/ca4bc.com\/es\/politica-de-privacidad\/\",\"name\":\"Pol\u00edtica de privacidad - CA4BC\",\"isPartOf\":{\"@id\":\"https:\/\/ca4bc.com\/pt-pt\/#website\"},\"datePublished\":\"2026-01-21T17:26:32+00:00\",\"dateModified\":\"2026-03-16T16:16:14+00:00\",\"breadcrumb\":{\"@id\":\"https:\/\/ca4bc.com\/es\/politica-de-privacidad\/#breadcrumb\"},\"inLanguage\":\"es\",\"potentialAction\":[{\"@type\":\"ReadAction\",\"target\":[\"https:\/\/ca4bc.com\/es\/politica-de-privacidad\/\"]}]},{\"@type\":\"BreadcrumbList\",\"@id\":\"https:\/\/ca4bc.com\/es\/politica-de-privacidad\/#breadcrumb\",\"itemListElement\":[{\"@type\":\"ListItem\",\"position\":1,\"name\":\"Home\",\"item\":\"https:\/\/ca4bc.com\/es\/home\/\"},{\"@type\":\"ListItem\",\"position\":2,\"name\":\"Pol\u00edtica de privacidad\"}]},{\"@type\":\"WebSite\",\"@id\":\"https:\/\/ca4bc.com\/pt-pt\/#website\",\"url\":\"https:\/\/ca4bc.com\/pt-pt\/\",\"name\":\"CA4BC\",\"description\":\"CONSULTING ASSOCIATES FOR BUSINESS CONTINUITY\",\"publisher\":{\"@id\":\"https:\/\/ca4bc.com\/pt-pt\/#organization\"},\"potentialAction\":[{\"@type\":\"SearchAction\",\"target\":{\"@type\":\"EntryPoint\",\"urlTemplate\":\"https:\/\/ca4bc.com\/pt-pt\/?s={search_term_string}\"},\"query-input\":{\"@type\":\"PropertyValueSpecification\",\"valueRequired\":true,\"valueName\":\"search_term_string\"}}],\"inLanguage\":\"es\"},{\"@type\":\"Organization\",\"@id\":\"https:\/\/ca4bc.com\/pt-pt\/#organization\",\"name\":\"CA4BC\",\"url\":\"https:\/\/ca4bc.com\/pt-pt\/\",\"logo\":{\"@type\":\"ImageObject\",\"inLanguage\":\"es\",\"@id\":\"https:\/\/ca4bc.com\/pt-pt\/#\/schema\/logo\/image\/\",\"url\":\"https:\/\/ca4bc.com\/wp-content\/uploads\/2026\/03\/logo-c4bc-1.png\",\"contentUrl\":\"https:\/\/ca4bc.com\/wp-content\/uploads\/2026\/03\/logo-c4bc-1.png\",\"width\":1920,\"height\":1652,\"caption\":\"CA4BC\"},\"image\":{\"@id\":\"https:\/\/ca4bc.com\/pt-pt\/#\/schema\/logo\/image\/\"},\"sameAs\":[\"https:\/\/www.linkedin.com\/company\/ca4bc\/\"]}]}<\/script>\n<!-- \/ Yoast SEO plugin. -->","yoast_head_json":{"title":"Pol\u00edtica de privacidad - CA4BC","robots":{"index":"index","follow":"follow","max-snippet":"max-snippet:-1","max-image-preview":"max-image-preview:large","max-video-preview":"max-video-preview:-1"},"canonical":"https:\/\/ca4bc.com\/es\/politica-de-privacidad\/","og_locale":"es_ES","og_type":"article","og_title":"Pol\u00edtica de privacidad - CA4BC","og_description":"Tu privacidad es importante para nosotros. La pol\u00edtica de ca4bc es respetar tu privacidad en relaci\u00f3n con cualquier informaci\u00f3n que podamos recopilar a trav\u00e9s de nuestra [\u2026]","og_url":"https:\/\/ca4bc.com\/es\/politica-de-privacidad\/","og_site_name":"CA4BC","article_modified_time":"2026-03-16T16:16:14+00:00","twitter_card":"summary_large_image","twitter_misc":{"Tiempo de lectura":"1 minuto"},"schema":{"@context":"https:\/\/schema.org","@graph":[{"@type":"WebPage","@id":"https:\/\/ca4bc.com\/es\/politica-de-privacidad\/","url":"https:\/\/ca4bc.com\/es\/politica-de-privacidad\/","name":"Pol\u00edtica de privacidad - CA4BC","isPartOf":{"@id":"https:\/\/ca4bc.com\/pt-pt\/#website"},"datePublished":"2026-01-21T17:26:32+00:00","dateModified":"2026-03-16T16:16:14+00:00","breadcrumb":{"@id":"https:\/\/ca4bc.com\/es\/politica-de-privacidad\/#breadcrumb"},"inLanguage":"es","potentialAction":[{"@type":"ReadAction","target":["https:\/\/ca4bc.com\/es\/politica-de-privacidad\/"]}]},{"@type":"BreadcrumbList","@id":"https:\/\/ca4bc.com\/es\/politica-de-privacidad\/#breadcrumb","itemListElement":[{"@type":"ListItem","position":1,"name":"Home","item":"https:\/\/ca4bc.com\/es\/home\/"},{"@type":"ListItem","position":2,"name":"Pol\u00edtica de privacidad"}]},{"@type":"WebSite","@id":"https:\/\/ca4bc.com\/pt-pt\/#website","url":"https:\/\/ca4bc.com\/pt-pt\/","name":"CA4BC","description":"CONSULTING ASSOCIATES FOR BUSINESS CONTINUITY","publisher":{"@id":"https:\/\/ca4bc.com\/pt-pt\/#organization"},"potentialAction":[{"@type":"SearchAction","target":{"@type":"EntryPoint","urlTemplate":"https:\/\/ca4bc.com\/pt-pt\/?s={search_term_string}"},"query-input":{"@type":"PropertyValueSpecification","valueRequired":true,"valueName":"search_term_string"}}],"inLanguage":"es"},{"@type":"Organization","@id":"https:\/\/ca4bc.com\/pt-pt\/#organization","name":"CA4BC","url":"https:\/\/ca4bc.com\/pt-pt\/","logo":{"@type":"ImageObject","inLanguage":"es","@id":"https:\/\/ca4bc.com\/pt-pt\/#\/schema\/logo\/image\/","url":"https:\/\/ca4bc.com\/wp-content\/uploads\/2026\/03\/logo-c4bc-1.png","contentUrl":"https:\/\/ca4bc.com\/wp-content\/uploads\/2026\/03\/logo-c4bc-1.png","width":1920,"height":1652,"caption":"CA4BC"},"image":{"@id":"https:\/\/ca4bc.com\/pt-pt\/#\/schema\/logo\/image\/"},"sameAs":["https:\/\/www.linkedin.com\/company\/ca4bc\/"]}]}},"_links":{"self":[{"href":"https:\/\/ca4bc.com\/es\/wp-json\/wp\/v2\/pages\/482","targetHints":{"allow":["GET"]}}],"collection":[{"href":"https:\/\/ca4bc.com\/es\/wp-json\/wp\/v2\/pages"}],"about":[{"href":"https:\/\/ca4bc.com\/es\/wp-json\/wp\/v2\/types\/page"}],"author":[{"embeddable":true,"href":"https:\/\/ca4bc.com\/es\/wp-json\/wp\/v2\/users\/2"}],"replies":[{"embeddable":true,"href":"https:\/\/ca4bc.com\/es\/wp-json\/wp\/v2\/comments?post=482"}],"version-history":[{"count":2,"href":"https:\/\/ca4bc.com\/es\/wp-json\/wp\/v2\/pages\/482\/revisions"}],"predecessor-version":[{"id":484,"href":"https:\/\/ca4bc.com\/es\/wp-json\/wp\/v2\/pages\/482\/revisions\/484"}],"wp:attachment":[{"href":"https:\/\/ca4bc.com\/es\/wp-json\/wp\/v2\/media?parent=482"}],"curies":[{"name":"wp","href":"https:\/\/api.w.org\/{rel}","templated":true}]}}